{"id":6111,"date":"2022-12-09T08:55:12","date_gmt":"2022-12-09T13:55:12","guid":{"rendered":"https:\/\/www.peso-outaouais.ca\/history\/"},"modified":"2024-02-01T13:33:56","modified_gmt":"2024-02-01T18:33:56","slug":"history","status":"publish","type":"page","link":"https:\/\/www.peso-outaouais.ca\/en\/history\/","title":{"rendered":"History"},"content":{"rendered":"\t\t<div data-elementor-type=\"wp-page\" data-elementor-id=\"6111\" class=\"elementor elementor-6111 elementor-1401\" data-elementor-post-type=\"page\">\n\t\t\t\t\t\t<section class=\"has_eae_slider elementor-section elementor-top-section elementor-element elementor-element-29a814c elementor-section-full_width historique_sec1 elementor-section-height-default elementor-section-height-default\" data-eae-slider=\"23658\" data-dce-background-image-url=\"https:\/\/www.peso-outaouais.ca\/wp-content\/uploads\/2022\/12\/bg-bleu.jpg\" data-id=\"29a814c\" data-element_type=\"section\" data-e-type=\"section\" data-settings=\"{&quot;background_background&quot;:&quot;classic&quot;}\">\n\t\t\t\t\t\t<div class=\"elementor-container elementor-column-gap-no\">\n\t\t\t\t\t<div class=\"has_eae_slider elementor-column elementor-col-100 elementor-top-column elementor-element elementor-element-d259e9a\" data-eae-slider=\"20300\" data-id=\"d259e9a\" data-element_type=\"column\" data-e-type=\"column\">\n\t\t\t<div class=\"elementor-widget-wrap elementor-element-populated\">\n\t\t\t\t\t\t<div class=\"elementor-element elementor-element-0746d01 objectif_container_1590 elementor-widget elementor-widget-heading\" data-id=\"0746d01\" data-element_type=\"widget\" data-e-type=\"widget\" data-widget_type=\"heading.default\">\n\t\t\t\t<div class=\"elementor-widget-container\">\n\t\t\t\t\t<h2 class=\"elementor-heading-title elementor-size-default\">History<\/h2>\t\t\t\t<\/div>\n\t\t\t\t<\/div>\n\t\t\t\t<section class=\"has_eae_slider elementor-section elementor-inner-section elementor-element elementor-element-dc2424d elementor-section-boxed elementor-section-height-default elementor-section-height-default\" data-eae-slider=\"28387\" data-id=\"dc2424d\" data-element_type=\"section\" data-e-type=\"section\">\n\t\t\t\t\t\t<div class=\"elementor-container elementor-column-gap-default\">\n\t\t\t\t\t<div class=\"has_eae_slider elementor-column elementor-col-50 elementor-inner-column elementor-element elementor-element-46f7a0c\" data-eae-slider=\"65106\" data-id=\"46f7a0c\" data-element_type=\"column\" data-e-type=\"column\">\n\t\t\t<div class=\"elementor-widget-wrap elementor-element-populated\">\n\t\t\t\t\t\t<div class=\"elementor-element elementor-element-d316084 historique_container_1590 elementor-widget elementor-widget-text-editor\" data-id=\"d316084\" data-element_type=\"widget\" data-e-type=\"widget\" data-widget_type=\"text-editor.default\">\n\t\t\t\t<div class=\"elementor-widget-container\">\n\t\t\t\t\t\t\t\t\tDuring the 2017-2018 school year, the Quebec Ministry of Education and Higher Education launched the Regional Hubs in Higher Education program with the following objectives:\t\t\t\t\t\t\t\t<\/div>\n\t\t\t\t<\/div>\n\t\t\t\t\t<\/div>\n\t\t<\/div>\n\t\t\t\t<div class=\"has_eae_slider elementor-column elementor-col-50 elementor-inner-column elementor-element elementor-element-1b365b2\" data-eae-slider=\"56187\" data-id=\"1b365b2\" data-element_type=\"column\" data-e-type=\"column\">\n\t\t\t<div class=\"elementor-widget-wrap elementor-element-populated\">\n\t\t\t\t\t\t<div class=\"elementor-element elementor-element-f17f5fa elementor-widget elementor-widget-text-editor\" data-id=\"f17f5fa\" data-element_type=\"widget\" data-e-type=\"widget\" data-widget_type=\"text-editor.default\">\n\t\t\t\t<div class=\"elementor-widget-container\">\n\t\t\t\t\t\t\t\t\t<a class=\"left_side\" href=\"#\"><img decoding=\"async\" src=\"\/wp-content\/uploads\/2022\/12\/slider-arrow-left.svg\" \/><\/a>\n<a class=\"right_side\" href=\"#\"><img decoding=\"async\" src=\"\/wp-content\/uploads\/2022\/12\/slider-arrow-right.svg\" \/><\/a>\t\t\t\t\t\t\t\t<\/div>\n\t\t\t\t<\/div>\n\t\t\t\t<div class=\"elementor-element elementor-element-9592c14 elementor-widget elementor-widget-html\" data-id=\"9592c14\" data-element_type=\"widget\" data-e-type=\"widget\" data-widget_type=\"html.default\">\n\t\t\t\t<div class=\"elementor-widget-container\">\n\t\t\t\t\t<script>\r\n    jQuery( \".left_side\" ).click(function(e) {\r\n    e.preventDefault();    \r\n  jQuery( \".elementor-swiper-button-prev\" ).click();\r\n});\r\n\r\n   jQuery( \".right_side\" ).click(function(e) {\r\n    e.preventDefault();    \r\n  jQuery( \".elementor-swiper-button-next\" ).click();\r\n});\r\n\r\n\r\n\/* Historique slider resize boxes *\/\r\n\r\nfunction resize_boxes() {\r\n    unresize_boxes();\r\n    var maxHeight = 0;\r\n    jQuery(\".historique_slider p\").each(function(){\r\n        if (jQuery(this).height() > maxHeight) { \r\n            maxHeight = jQuery(this).height();\r\n        }\r\n    });\r\n    jQuery(\".historique_slider p\").height(maxHeight);\r\n}\r\n\r\nfunction unresize_boxes() {\r\n    jQuery('.historique_slider p').css(\"height\",\"auto\");\r\n}\r\n\r\njQuery(document).ready(function() {\r\n    if (jQuery(\".historique_slider\").length) {     \r\n        var timer = setInterval(function () {\r\n            if (jQuery(\".historique_slider .swiper-container\").hasClass(\"swiper-container-initialized\")) {     \r\n                resize_boxes();\r\n                clearInterval(timer);\r\n            } \r\n        }, 20);\r\n    }\r\n});\r\n\r\njQuery(window).resize(function () {\r\n    resize_boxes();\r\n});\r\n\r\n\r\n<\/script>\t\t\t\t<\/div>\n\t\t\t\t<\/div>\n\t\t\t\t\t<\/div>\n\t\t<\/div>\n\t\t\t\t\t<\/div>\n\t\t<\/section>\n\t\t\t\t<section class=\"has_eae_slider elementor-section elementor-inner-section elementor-element elementor-element-da5a465 elementor-section-full_width elementor-section-height-default elementor-section-height-default\" data-eae-slider=\"632\" data-id=\"da5a465\" data-element_type=\"section\" data-e-type=\"section\">\n\t\t\t\t\t\t<div class=\"elementor-container elementor-column-gap-no\">\n\t\t\t\t\t<div class=\"has_eae_slider elementor-column elementor-col-100 elementor-inner-column elementor-element elementor-element-62a1467\" data-eae-slider=\"38838\" data-id=\"62a1467\" data-element_type=\"column\" data-e-type=\"column\">\n\t\t\t<div class=\"elementor-widget-wrap elementor-element-populated\">\n\t\t\t\t\t\t<div class=\"elementor-element elementor-element-d08b640 elementor-widget__width-inherit historique_slider elementor-testimonial--skin-default elementor-testimonial--layout-image_inline elementor-arrows-yes elementor-widget elementor-widget-testimonial-carousel\" data-id=\"d08b640\" data-element_type=\"widget\" data-e-type=\"widget\" data-settings=\"{&quot;slides_per_view&quot;:&quot;7&quot;,&quot;slides_to_scroll&quot;:&quot;1&quot;,&quot;slides_per_view_laptop&quot;:&quot;5&quot;,&quot;slides_per_view_tablet_extra&quot;:&quot;4&quot;,&quot;slides_per_view_tablet&quot;:&quot;2&quot;,&quot;space_between&quot;:{&quot;unit&quot;:&quot;px&quot;,&quot;size&quot;:0,&quot;sizes&quot;:[]},&quot;space_between_laptop&quot;:{&quot;unit&quot;:&quot;px&quot;,&quot;size&quot;:0,&quot;sizes&quot;:[]},&quot;space_between_tablet_extra&quot;:{&quot;unit&quot;:&quot;px&quot;,&quot;size&quot;:0,&quot;sizes&quot;:[]},&quot;space_between_mobile&quot;:{&quot;unit&quot;:&quot;px&quot;,&quot;size&quot;:0,&quot;sizes&quot;:[]},&quot;slides_per_view_mobile_extra&quot;:&quot;2&quot;,&quot;slides_per_view_mobile&quot;:&quot;1&quot;,&quot;show_arrows&quot;:&quot;yes&quot;,&quot;speed&quot;:500,&quot;autoplay&quot;:&quot;yes&quot;,&quot;autoplay_speed&quot;:5000,&quot;loop&quot;:&quot;yes&quot;,&quot;pause_on_hover&quot;:&quot;yes&quot;,&quot;pause_on_interaction&quot;:&quot;yes&quot;,&quot;space_between_tablet&quot;:{&quot;unit&quot;:&quot;px&quot;,&quot;size&quot;:10,&quot;sizes&quot;:[]},&quot;space_between_mobile_extra&quot;:{&quot;unit&quot;:&quot;px&quot;,&quot;size&quot;:10,&quot;sizes&quot;:[]}}\" data-widget_type=\"testimonial-carousel.default\">\n\t\t\t\t<div class=\"elementor-widget-container\">\n\t\t\t\t\t\t\t\t\t<div class=\"elementor-swiper\">\n\t\t\t\t\t<div class=\"elementor-main-swiper swiper\" role=\"region\" aria-roledescription=\"carousel\" aria-label=\"Slides\">\n\t\t\t\t<div class=\"swiper-wrapper\">\n\t\t\t\t\t\t\t\t\t\t\t<div class=\"swiper-slide\" role=\"group\" aria-roledescription=\"slide\">\n\t\t\t\t\t\t\t\t\t<div class=\"elementor-testimonial\">\n\t\t\t\t\t\t\t<div class=\"elementor-testimonial__content\">\n\t\t\t\t\t<div class=\"elementor-testimonial__text\">\n\t\t\t\t\t\t<div><img decoding=\"async\" src=\"\/wp-content\/uploads\/2022\/12\/peso-historique-4.jpg\" \/><p>To contribute to the development of greater synergy among higher education institutions in each region;<\/p>\n<\/div>\n\t\t\t\t\t<\/div>\n\t\t\t\t\t\t\t\t\t<\/div>\n\t\t\t\t\t\t<div class=\"elementor-testimonial__footer\">\n\t\t\t\t\t\t\t\t\t\t\t<\/div>\n\t\t<\/div>\n\t\t\t\t\t\t\t\t<\/div>\n\t\t\t\t\t\t\t\t\t\t\t<div class=\"swiper-slide\" role=\"group\" aria-roledescription=\"slide\">\n\t\t\t\t\t\t\t\t\t<div class=\"elementor-testimonial\">\n\t\t\t\t\t\t\t<div class=\"elementor-testimonial__content\">\n\t\t\t\t\t<div class=\"elementor-testimonial__text\">\n\t\t\t\t\t\t<div>\n<img decoding=\"async\" src=\"\/wp-content\/uploads\/2022\/12\/peso-historique-1.jpg\"><\/p>\n<p>To respond to a regional development challenge defined with the relevant regional partners;<\/p>\n<\/div>\n\t\t\t\t\t<\/div>\n\t\t\t\t\t\t\t\t\t<\/div>\n\t\t\t\t\t\t<div class=\"elementor-testimonial__footer\">\n\t\t\t\t\t\t\t\t\t\t\t<\/div>\n\t\t<\/div>\n\t\t\t\t\t\t\t\t<\/div>\n\t\t\t\t\t\t\t\t\t\t\t<div class=\"swiper-slide\" role=\"group\" aria-roledescription=\"slide\">\n\t\t\t\t\t\t\t\t\t<div class=\"elementor-testimonial\">\n\t\t\t\t\t\t\t<div class=\"elementor-testimonial__content\">\n\t\t\t\t\t<div class=\"elementor-testimonial__text\">\n\t\t\t\t\t\t<div>\n<img decoding=\"async\" src=\"\/wp-content\/uploads\/2022\/12\/peso-historique2.jpg\"><\/p>\n<p>To strengthen ties with key organizations involved in the development of their region; <\/p>\n<\/div>\n\t\t\t\t\t<\/div>\n\t\t\t\t\t\t\t\t\t<\/div>\n\t\t\t\t\t\t<div class=\"elementor-testimonial__footer\">\n\t\t\t\t\t\t\t\t\t\t\t<\/div>\n\t\t<\/div>\n\t\t\t\t\t\t\t\t<\/div>\n\t\t\t\t\t\t\t\t\t\t\t<div class=\"swiper-slide\" role=\"group\" aria-roledescription=\"slide\">\n\t\t\t\t\t\t\t\t\t<div class=\"elementor-testimonial\">\n\t\t\t\t\t\t\t<div class=\"elementor-testimonial__content\">\n\t\t\t\t\t<div class=\"elementor-testimonial__text\">\n\t\t\t\t\t\t<div>\n<img decoding=\"async\" src=\"\/wp-content\/uploads\/2022\/12\/peso-historique-3.jpg\"><\/p>\n<p>To obtain agreement of local higher education establishments;<\/p>\n<\/div>\n\t\t\t\t\t<\/div>\n\t\t\t\t\t\t\t\t\t<\/div>\n\t\t\t\t\t\t<div class=\"elementor-testimonial__footer\">\n\t\t\t\t\t\t\t\t\t\t\t<\/div>\n\t\t<\/div>\n\t\t\t\t\t\t\t\t<\/div>\n\t\t\t\t\t\t\t\t\t\t\t<div class=\"swiper-slide\" role=\"group\" aria-roledescription=\"slide\">\n\t\t\t\t\t\t\t\t\t<div class=\"elementor-testimonial\">\n\t\t\t\t\t\t\t<div class=\"elementor-testimonial__content\">\n\t\t\t\t\t<div class=\"elementor-testimonial__text\">\n\t\t\t\t\t\t<div>\n<img decoding=\"async\" src=\"\/wp-content\/uploads\/2022\/12\/peso-historique-5.jpg\"><\/p>\n<p>To rely, as much as possible, on the pooling of human, material and financial resources; <\/p>\n<\/div>\n\t\t\t\t\t<\/div>\n\t\t\t\t\t\t\t\t\t<\/div>\n\t\t\t\t\t\t<div class=\"elementor-testimonial__footer\">\n\t\t\t\t\t\t\t\t\t\t\t<\/div>\n\t\t<\/div>\n\t\t\t\t\t\t\t\t<\/div>\n\t\t\t\t\t\t\t\t\t\t\t<div class=\"swiper-slide\" role=\"group\" aria-roledescription=\"slide\">\n\t\t\t\t\t\t\t\t\t<div class=\"elementor-testimonial\">\n\t\t\t\t\t\t\t<div class=\"elementor-testimonial__content\">\n\t\t\t\t\t<div class=\"elementor-testimonial__text\">\n\t\t\t\t\t\t<div>\n<img decoding=\"async\" src=\"\/wp-content\/uploads\/2022\/12\/peso-historique-6.jpg\"><\/p>\n<p>To create a distinctive model, adapted to the regional situation and challenges.<\/p>\n<\/div>\n\t\t\t\t\t<\/div>\n\t\t\t\t\t\t\t\t\t<\/div>\n\t\t\t\t\t\t<div class=\"elementor-testimonial__footer\">\n\t\t\t\t\t\t\t\t\t\t\t<\/div>\n\t\t<\/div>\n\t\t\t\t\t\t\t\t<\/div>\n\t\t\t\t\t\t\t\t\t<\/div>\n\t\t\t\t\t\t\t\t\t\t\t\t\t\t\t<div class=\"elementor-swiper-button elementor-swiper-button-prev\" role=\"button\" tabindex=\"0\" aria-label=\"Previous\">\n\t\t\t\t\t\t\t<i aria-hidden=\"true\" class=\"eicon-chevron-left\"><\/i>\t\t\t\t\t\t<\/div>\n\t\t\t\t\t\t<div class=\"elementor-swiper-button elementor-swiper-button-next\" role=\"button\" tabindex=\"0\" aria-label=\"Next\">\n\t\t\t\t\t\t\t<i aria-hidden=\"true\" class=\"eicon-chevron-right\"><\/i>\t\t\t\t\t\t<\/div>\n\t\t\t\t\t\t\t\t\t\t\t\t\t\t\t\t\t<\/div>\n\t\t\t\t<\/div>\n\t\t\t\t\t\t\t\t<\/div>\n\t\t\t\t<\/div>\n\t\t\t\t\t<\/div>\n\t\t<\/div>\n\t\t\t\t\t<\/div>\n\t\t<\/section>\n\t\t\t\t\t<\/div>\n\t\t<\/div>\n\t\t\t\t\t<\/div>\n\t\t<\/section>\n\t\t\t\t<section class=\"has_eae_slider elementor-section elementor-top-section elementor-element elementor-element-c4bb353 elementor-section-full_width elementor-section-stretched elementor-section-height-default elementor-section-height-default\" data-eae-slider=\"97679\" data-id=\"c4bb353\" data-element_type=\"section\" data-e-type=\"section\" data-settings=\"{&quot;stretch_section&quot;:&quot;section-stretched&quot;}\">\n\t\t\t\t\t\t<div class=\"elementor-container elementor-column-gap-no\">\n\t\t\t\t\t<div class=\"has_eae_slider elementor-column elementor-col-100 elementor-top-column elementor-element elementor-element-5fd11b5\" data-eae-slider=\"45480\" data-id=\"5fd11b5\" data-element_type=\"column\" data-e-type=\"column\">\n\t\t\t<div class=\"elementor-widget-wrap elementor-element-populated\">\n\t\t\t\t\t\t<section class=\"has_eae_slider elementor-section elementor-inner-section elementor-element elementor-element-18a631d elementor-section-full_width elementor-section-height-default elementor-section-height-default\" data-eae-slider=\"12490\" data-id=\"18a631d\" data-element_type=\"section\" data-e-type=\"section\">\n\t\t\t\t\t\t<div class=\"elementor-container elementor-column-gap-no\">\n\t\t\t\t\t<div class=\"has_eae_slider elementor-column elementor-col-50 elementor-inner-column elementor-element elementor-element-12f70c3 historique_col_calc\" data-eae-slider=\"2122\" data-id=\"12f70c3\" data-element_type=\"column\" data-e-type=\"column\">\n\t\t\t<div class=\"elementor-widget-wrap elementor-element-populated\">\n\t\t\t\t\t\t<div class=\"elementor-element elementor-element-0b7cbf2 elementor-widget elementor-widget-heading\" data-id=\"0b7cbf2\" data-element_type=\"widget\" data-e-type=\"widget\" data-widget_type=\"heading.default\">\n\t\t\t\t<div class=\"elementor-widget-container\">\n\t\t\t\t\t<h2 class=\"elementor-heading-title elementor-size-default\">As part of this program,<\/h2>\t\t\t\t<\/div>\n\t\t\t\t<\/div>\n\t\t\t\t<div class=\"elementor-element elementor-element-9f87448 no_margin_bt elementor-widget elementor-widget-text-editor\" data-id=\"9f87448\" data-element_type=\"widget\" data-e-type=\"widget\" data-widget_type=\"text-editor.default\">\n\t\t\t\t<div class=\"elementor-widget-container\">\n\t\t\t\t\t\t\t\t\t<p class=\"p1\">the Outaouais submitted an application in 2018, with the objective of enriching the student experience in innovative environments and strengthening entrepreneurial culture on its territory. Among the first three regional poles created in the province, the PESO has contributed to the development of initiatives such as an innovation center and business incubator (LABoite), the Cegep\u2019s Fablab, the School-Enterprise, an entrepreneurial happening and the R\u00e9v\u00e9ler l&#8217;\u00e9tudiant de l&#8217;avenir (R\u00e9-V) project.\n<\/p>\n<p class=\"p1\">In September 2021, the Ministry of Higher Education proposed new objectives for all regional hubs. These new objectives were gladly adopted and integrated with the initial two intervention axes to better address students&#8217; needs and regional challenges.<\/p>\t\t\t\t\t\t\t\t<\/div>\n\t\t\t\t<\/div>\n\t\t\t\t\t<\/div>\n\t\t<\/div>\n\t\t\t\t<div class=\"has_eae_slider elementor-column elementor-col-50 elementor-inner-column elementor-element elementor-element-aff80e3 elementor-hidden-tablet elementor-hidden-mobile elementor-hidden-mobile_extra\" data-eae-slider=\"56547\" data-id=\"aff80e3\" data-element_type=\"column\" data-e-type=\"column\">\n\t\t\t<div class=\"elementor-widget-wrap elementor-element-populated\">\n\t\t\t\t\t\t<div class=\"elementor-element elementor-element-75ae613 dce_masking-none elementor-widget elementor-widget-image\" data-id=\"75ae613\" data-element_type=\"widget\" data-e-type=\"widget\" data-widget_type=\"image.default\">\n\t\t\t\t<div class=\"elementor-widget-container\">\n\t\t\t\t\t\t\t\t\t\t\t\t\t\t\t<img fetchpriority=\"high\" decoding=\"async\" width=\"765\" height=\"648\" src=\"https:\/\/www.peso-outaouais.ca\/wp-content\/uploads\/2022\/12\/peso-historique.jpg\" class=\"attachment-full size-full wp-image-3858\" alt=\"\" srcset=\"https:\/\/www.peso-outaouais.ca\/wp-content\/uploads\/2022\/12\/peso-historique.jpg 765w, https:\/\/www.peso-outaouais.ca\/wp-content\/uploads\/2022\/12\/peso-historique-300x254.jpg 300w\" sizes=\"(max-width: 765px) 100vw, 765px\" \/>\t\t\t\t\t\t\t\t\t\t\t\t\t\t\t<\/div>\n\t\t\t\t<\/div>\n\t\t\t\t\t<\/div>\n\t\t<\/div>\n\t\t\t\t\t<\/div>\n\t\t<\/section>\n\t\t\t\t\t<\/div>\n\t\t<\/div>\n\t\t\t\t\t<\/div>\n\t\t<\/section>\n\t\t\t\t<section class=\"has_eae_slider elementor-section elementor-top-section elementor-element elementor-element-584913e elementor-section-boxed elementor-section-height-default elementor-section-height-default\" data-eae-slider=\"68144\" data-dce-background-color=\"#FFF5F1\" data-id=\"584913e\" data-element_type=\"section\" data-e-type=\"section\" data-settings=\"{&quot;background_background&quot;:&quot;classic&quot;}\">\n\t\t\t\t\t\t<div class=\"elementor-container elementor-column-gap-default\">\n\t\t\t\t\t<div class=\"has_eae_slider elementor-column elementor-col-100 elementor-top-column elementor-element elementor-element-d43f828\" data-eae-slider=\"30243\" data-id=\"d43f828\" data-element_type=\"column\" data-e-type=\"column\">\n\t\t\t<div class=\"elementor-widget-wrap elementor-element-populated\">\n\t\t\t\t\t\t<section class=\"has_eae_slider elementor-section elementor-inner-section elementor-element elementor-element-ddcc929 elementor-section-boxed elementor-section-height-default elementor-section-height-default\" data-eae-slider=\"62471\" data-id=\"ddcc929\" data-element_type=\"section\" data-e-type=\"section\">\n\t\t\t\t\t\t<div class=\"elementor-container elementor-column-gap-default\">\n\t\t\t\t\t<div class=\"has_eae_slider elementor-column elementor-col-25 elementor-inner-column elementor-element elementor-element-65f4a2d\" data-eae-slider=\"74295\" data-id=\"65f4a2d\" data-element_type=\"column\" data-e-type=\"column\">\n\t\t\t<div class=\"elementor-widget-wrap elementor-element-populated\">\n\t\t\t\t\t\t<div class=\"elementor-element elementor-element-7ba72ec dce_masking-none elementor-widget elementor-widget-image\" data-id=\"7ba72ec\" data-element_type=\"widget\" data-e-type=\"widget\" data-widget_type=\"image.default\">\n\t\t\t\t<div class=\"elementor-widget-container\">\n\t\t\t\t\t\t\t\t\t\t\t\t\t\t\t\t<a href=\"https:\/\/laboite.quebec\/\" target=\"_blank\">\n\t\t\t\t\t\t\t<img decoding=\"async\" width=\"234\" height=\"44\" src=\"https:\/\/www.peso-outaouais.ca\/wp-content\/uploads\/2022\/12\/Laboite_logo-1.svg\" class=\"attachment-large size-large wp-image-3854\" alt=\"\" \/>\t\t\t\t\t\t\t\t<\/a>\n\t\t\t\t\t\t\t\t\t\t\t\t\t\t\t<\/div>\n\t\t\t\t<\/div>\n\t\t\t\t\t<\/div>\n\t\t<\/div>\n\t\t\t\t<div class=\"has_eae_slider elementor-column elementor-col-25 elementor-inner-column elementor-element elementor-element-63247e6\" data-eae-slider=\"91090\" data-id=\"63247e6\" data-element_type=\"column\" data-e-type=\"column\">\n\t\t\t<div class=\"elementor-widget-wrap elementor-element-populated\">\n\t\t\t\t\t\t<div class=\"elementor-element elementor-element-ca8bc29 dce_masking-none elementor-widget elementor-widget-image\" data-id=\"ca8bc29\" data-element_type=\"widget\" data-e-type=\"widget\" data-widget_type=\"image.default\">\n\t\t\t\t<div class=\"elementor-widget-container\">\n\t\t\t\t\t\t\t\t\t\t\t\t\t\t\t\t<a href=\"https:\/\/www.cegeprdl.ca\/nouvelles\/categories\/fablab\/\" target=\"_blank\">\n\t\t\t\t\t\t\t<img decoding=\"async\" width=\"108\" height=\"129\" src=\"https:\/\/www.peso-outaouais.ca\/wp-content\/uploads\/2022\/12\/fablab-des-c-geps.svg\" class=\"attachment-large size-large wp-image-3855\" alt=\"\" \/>\t\t\t\t\t\t\t\t<\/a>\n\t\t\t\t\t\t\t\t\t\t\t\t\t\t\t<\/div>\n\t\t\t\t<\/div>\n\t\t\t\t\t<\/div>\n\t\t<\/div>\n\t\t\t\t<div class=\"has_eae_slider elementor-column elementor-col-25 elementor-inner-column elementor-element elementor-element-13f1e73\" data-eae-slider=\"64028\" data-id=\"13f1e73\" data-element_type=\"column\" data-e-type=\"column\">\n\t\t\t<div class=\"elementor-widget-wrap elementor-element-populated\">\n\t\t\t\t\t\t<div class=\"elementor-element elementor-element-25363d6 dce_masking-none elementor-widget elementor-widget-image\" data-id=\"25363d6\" data-element_type=\"widget\" data-e-type=\"widget\" data-widget_type=\"image.default\">\n\t\t\t\t<div class=\"elementor-widget-container\">\n\t\t\t\t\t\t\t\t\t\t\t\t\t\t\t\t<a href=\"http:\/\/www.e2co.org\/\" target=\"_blank\">\n\t\t\t\t\t\t\t<img loading=\"lazy\" decoding=\"async\" width=\"284\" height=\"111\" src=\"https:\/\/www.peso-outaouais.ca\/wp-content\/uploads\/2022\/12\/Entreprise_Ecole.svg\" class=\"attachment-large size-large wp-image-3856\" alt=\"\" \/>\t\t\t\t\t\t\t\t<\/a>\n\t\t\t\t\t\t\t\t\t\t\t\t\t\t\t<\/div>\n\t\t\t\t<\/div>\n\t\t\t\t\t<\/div>\n\t\t<\/div>\n\t\t\t\t<div class=\"has_eae_slider elementor-column elementor-col-25 elementor-inner-column elementor-element elementor-element-5c61e25\" data-eae-slider=\"15843\" data-id=\"5c61e25\" data-element_type=\"column\" data-e-type=\"column\">\n\t\t\t<div class=\"elementor-widget-wrap elementor-element-populated\">\n\t\t\t\t\t\t<div class=\"elementor-element elementor-element-01273c0 dce_masking-none elementor-widget elementor-widget-image\" data-id=\"01273c0\" data-element_type=\"widget\" data-e-type=\"widget\" data-widget_type=\"image.default\">\n\t\t\t\t<div class=\"elementor-widget-container\">\n\t\t\t\t\t\t\t\t\t\t\t\t\t\t\t\t<a href=\"https:\/\/uqo.ca\/nouvelles\/41801\" target=\"_blank\">\n\t\t\t\t\t\t\t<img loading=\"lazy\" decoding=\"async\" width=\"102\" height=\"127\" src=\"https:\/\/www.peso-outaouais.ca\/wp-content\/uploads\/2022\/12\/projet-2030.svg\" class=\"attachment-large size-large wp-image-3857\" alt=\"\" \/>\t\t\t\t\t\t\t\t<\/a>\n\t\t\t\t\t\t\t\t\t\t\t\t\t\t\t<\/div>\n\t\t\t\t<\/div>\n\t\t\t\t\t<\/div>\n\t\t<\/div>\n\t\t\t\t\t<\/div>\n\t\t<\/section>\n\t\t\t\t\t<\/div>\n\t\t<\/div>\n\t\t\t\t\t<\/div>\n\t\t<\/section>\n\t\t\t\t<\/div>\n\t\t","protected":false},"excerpt":{"rendered":"<p>History During the 2017-2018 school year, the Quebec Ministry of Education and Higher Education launched the Regional Hubs in Higher Education program with the following objectives: To contribute to the development of greater synergy among higher education institutions in each region; To respond to a regional development challenge defined with the relevant regional partners; To [&hellip;]<\/p>\n","protected":false},"author":1,"featured_media":0,"parent":0,"menu_order":0,"comment_status":"closed","ping_status":"closed","template":"","meta":{"_acf_changed":false,"_seopress_robots_primary_cat":"","_seopress_titles_title":"","_seopress_titles_desc":"","_seopress_robots_index":"","footnotes":""},"class_list":["post-6111","page","type-page","status-publish","hentry"],"acf":[],"_links":{"self":[{"href":"https:\/\/www.peso-outaouais.ca\/en\/wp-json\/wp\/v2\/pages\/6111","targetHints":{"allow":["GET"]}}],"collection":[{"href":"https:\/\/www.peso-outaouais.ca\/en\/wp-json\/wp\/v2\/pages"}],"about":[{"href":"https:\/\/www.peso-outaouais.ca\/en\/wp-json\/wp\/v2\/types\/page"}],"author":[{"embeddable":true,"href":"https:\/\/www.peso-outaouais.ca\/en\/wp-json\/wp\/v2\/users\/1"}],"replies":[{"embeddable":true,"href":"https:\/\/www.peso-outaouais.ca\/en\/wp-json\/wp\/v2\/comments?post=6111"}],"version-history":[{"count":29,"href":"https:\/\/www.peso-outaouais.ca\/en\/wp-json\/wp\/v2\/pages\/6111\/revisions"}],"predecessor-version":[{"id":6603,"href":"https:\/\/www.peso-outaouais.ca\/en\/wp-json\/wp\/v2\/pages\/6111\/revisions\/6603"}],"wp:attachment":[{"href":"https:\/\/www.peso-outaouais.ca\/en\/wp-json\/wp\/v2\/media?parent=6111"}],"curies":[{"name":"wp","href":"https:\/\/api.w.org\/{rel}","templated":true}]}}